{"id":63,"date":"2026-03-17T20:19:41","date_gmt":"2026-03-17T20:19:41","guid":{"rendered":"https:\/\/karussellverleih-bremen.de\/produkt\/buehnenbeleuchtung-set\/"},"modified":"2026-03-17T20:19:41","modified_gmt":"2026-03-17T20:19:41","slug":"buehnenbeleuchtung-set","status":"publish","type":"product","link":"https:\/\/karussellverleih-bremen.de\/da\/vare\/buehnenbeleuchtung-set\/","title":{"rendered":"B\u00fchnenbeleuchtung-Set"},"content":{"rendered":"<p>Das B\u00fchnenbeleuchtung-Set sorgt f\u00fcr eine beeindruckende Atmosph\u00e4re bei Live-Auftritten und Shows.<\/p>","protected":false},"excerpt":{"rendered":"<p>Das B\u00fchnenbeleuchtung-Set sorgt f\u00fcr eine beeindruckende Atmosph\u00e4re bei Live-Auftritten und Shows.<\/p>","protected":false},"featured_media":0,"comment_status":"open","ping_status":"closed","template":"","meta":[],"product_brand":[],"product_cat":[25],"product_tag":[],"class_list":{"0":"post-63","1":"product","2":"type-product","3":"status-publish","5":"product_cat-eventausstattung","7":"first","8":"instock","9":"shipping-taxable","10":"purchasable","11":"product-type-simple"},"_links":{"self":[{"href":"https:\/\/karussellverleih-bremen.de\/da\/wp-json\/wp\/v2\/product\/63","targetHints":{"allow":["GET"]}}],"collection":[{"href":"https:\/\/karussellverleih-bremen.de\/da\/wp-json\/wp\/v2\/product"}],"about":[{"href":"https:\/\/karussellverleih-bremen.de\/da\/wp-json\/wp\/v2\/types\/product"}],"replies":[{"embeddable":true,"href":"https:\/\/karussellverleih-bremen.de\/da\/wp-json\/wp\/v2\/comments?post=63"}],"wp:attachment":[{"href":"https:\/\/karussellverleih-bremen.de\/da\/wp-json\/wp\/v2\/media?parent=63"}],"wp:term":[{"taxonomy":"product_brand","embeddable":true,"href":"https:\/\/karussellverleih-bremen.de\/da\/wp-json\/wp\/v2\/product_brand?post=63"},{"taxonomy":"product_cat","embeddable":true,"href":"https:\/\/karussellverleih-bremen.de\/da\/wp-json\/wp\/v2\/product_cat?post=63"},{"taxonomy":"product_tag","embeddable":true,"href":"https:\/\/karussellverleih-bremen.de\/da\/wp-json\/wp\/v2\/product_tag?post=63"}],"curies":[{"name":"wp","href":"https:\/\/api.w.org\/{rel}","templated":true}]}}