{"id":54,"date":"2026-03-17T20:19:41","date_gmt":"2026-03-17T20:19:41","guid":{"rendered":"https:\/\/karussellverleih-bremen.de\/produkt\/candy-bar-set\/"},"modified":"2026-03-17T20:19:41","modified_gmt":"2026-03-17T20:19:41","slug":"candy-bar-set","status":"publish","type":"product","link":"https:\/\/karussellverleih-bremen.de\/da\/vare\/candy-bar-set\/","title":{"rendered":"Candy Bar Set"},"content":{"rendered":"<p>Das Candy Bar Set enth\u00e4lt alles, was Sie f\u00fcr eine s\u00fc\u00dfe \u00dcberraschung ben\u00f6tigen. Ideal f\u00fcr Hochzeiten und Geburtstagsfeiern.<\/p>","protected":false},"excerpt":{"rendered":"<p>Das Candy Bar Set enth\u00e4lt alles, was Sie f\u00fcr eine s\u00fc\u00dfe \u00dcberraschung ben\u00f6tigen. Ideal f\u00fcr Hochzeiten und Geburtstagsfeiern.<\/p>","protected":false},"featured_media":0,"comment_status":"open","ping_status":"closed","template":"","meta":[],"product_brand":[],"product_cat":[26],"product_tag":[],"class_list":{"0":"post-54","1":"product","2":"type-product","3":"status-publish","5":"product_cat-catering","7":"first","8":"instock","9":"shipping-taxable","10":"purchasable","11":"product-type-simple"},"_links":{"self":[{"href":"https:\/\/karussellverleih-bremen.de\/da\/wp-json\/wp\/v2\/product\/54","targetHints":{"allow":["GET"]}}],"collection":[{"href":"https:\/\/karussellverleih-bremen.de\/da\/wp-json\/wp\/v2\/product"}],"about":[{"href":"https:\/\/karussellverleih-bremen.de\/da\/wp-json\/wp\/v2\/types\/product"}],"replies":[{"embeddable":true,"href":"https:\/\/karussellverleih-bremen.de\/da\/wp-json\/wp\/v2\/comments?post=54"}],"wp:attachment":[{"href":"https:\/\/karussellverleih-bremen.de\/da\/wp-json\/wp\/v2\/media?parent=54"}],"wp:term":[{"taxonomy":"product_brand","embeddable":true,"href":"https:\/\/karussellverleih-bremen.de\/da\/wp-json\/wp\/v2\/product_brand?post=54"},{"taxonomy":"product_cat","embeddable":true,"href":"https:\/\/karussellverleih-bremen.de\/da\/wp-json\/wp\/v2\/product_cat?post=54"},{"taxonomy":"product_tag","embeddable":true,"href":"https:\/\/karussellverleih-bremen.de\/da\/wp-json\/wp\/v2\/product_tag?post=54"}],"curies":[{"name":"wp","href":"https:\/\/api.w.org\/{rel}","templated":true}]}}