{"id":26,"date":"2026-03-17T20:18:41","date_gmt":"2026-03-17T20:18:41","guid":{"rendered":"https:\/\/karussellverleih-bremen.de\/faq\/"},"modified":"2026-03-18T10:28:09","modified_gmt":"2026-03-18T10:28:09","slug":"faq","status":"publish","type":"page","link":"https:\/\/karussellverleih-bremen.de\/da\/faq\/","title":{"rendered":"FAQ"},"content":{"rendered":"<div class=\"wp-block-group alignfull is-style-ext-preset--group--natural-1--section has-background-background-color has-background\" id=\"faq\" style=\"margin-top:0;margin-bottom:0;padding-top:var(--wp--preset--spacing--70);padding-bottom:var(--wp--preset--spacing--70)\"><div class=\"wp-block-group__inner-container is-layout-constrained wp-block-group-is-layout-constrained\">\n<div class=\"wp-block-group alignwide ext-is-logical-start is-content-justification-left\"><div class=\"wp-block-group__inner-container is-layout-constrained wp-container-core-group-is-layout-3046efe0 wp-block-group-is-layout-constrained\">\n<h2 class=\"wp-block-heading ext-animate--on\">H\u00fcpfburgen und Eventmodule f\u00fcr unvergessliche Feiern mieten<\/h2>\n\n\n\n<p class=\"ext-animate--on\">Hier finden Sie Antworten auf h\u00e4ufige Fragen, damit Sie schnell alle wichtigen Infos zum Erlebnis Fun Eventservice &amp; Verleih erhalten.<\/p>\n<\/div><\/div>\n\n\n\n<div class=\"wp-block-columns alignwide is-layout-flex wp-container-core-columns-is-layout-bd0aba32 wp-block-columns-is-layout-flex\">\n<div class=\"wp-block-column ext-animate--on is-layout-flow wp-block-column-is-layout-flow\">\n<div class=\"wp-block-group is-style-ext-preset--group--natural-1--item-card-1--align-start\"><div class=\"wp-block-group__inner-container is-layout-constrained wp-block-group-is-layout-constrained\">\n<div class=\"wp-block-group is-style-default\"><div class=\"wp-block-group__inner-container is-layout-constrained wp-block-group-is-layout-constrained\">\n<div class=\"wp-block-group is-nowrap is-layout-flex wp-container-core-group-is-layout-3c817655 wp-block-group-is-layout-flex\" style=\"padding-top:0;padding-right:0;padding-bottom:0;padding-left:0\">\n<figure class=\"wp-block-image size-large ext-aspect-landscape wp-duotone-varpresetduotoneprimary-foreground-1\"><img decoding=\"async\" src=\"data:image\/svg+xml;base64,PHN2ZyB4bWxucz0iaHR0cDovL3d3dy53My5vcmcvMjAwMC9zdmciIHdpZHRoPSI0OCIgaGVpZ2h0PSI0OCIgZmlsbD0iIzAwMDAwMCIgdmlld0JveD0iMCAwIDI1NiAyNTYiPjxwYXRoIGQ9Ik0xNDAsMTgwYTEyLDEyLDAsMSwxLTEyLTEyQTEyLDEyLDAsMCwxLDE0MCwxODBaTTEyOCw3MmMtMjIuMDYsMC00MCwxNi4xNS00MCwzNnY0YTgsOCwwLDAsMCwxNiwwdi00YzAtMTEsMTAuNzctMjAsMjQtMjBzMjQsOSwyNCwyMC0xMC43NywyMC0yNCwyMGE4LDgsMCwwLDAtOCw4djhhOCw4LDAsMCwwLDE2LDB2LS43MmMxOC4yNC0zLjM1LDMyLTE3LjksMzItMzUuMjhDMTY4LDg4LjE1LDE1MC4wNiw3MiwxMjgsNzJabTEwNCw1NkExMDQsMTA0LDAsMSwxLDEyOCwyNCwxMDQuMTEsMTA0LjExLDAsMCwxLDIzMiwxMjhabS0xNiwwYTg4LDg4LDAsMSwwLTg4LDg4QTg4LjEsODguMSwwLDAsMCwyMTYsMTI4WiI+PC9wYXRoPjwvc3ZnPg==\" alt=\"\" style=\"object-fit:cover\"\/><\/figure>\n\n\n\n<div class=\"wp-block-group wp-container-content-958eb9dc\" style=\"padding-top:0;padding-right:0;padding-bottom:0;padding-left:0\"><div class=\"wp-block-group__inner-container is-layout-constrained wp-container-core-group-is-layout-ce3938d8 wp-block-group-is-layout-constrained\">\n<h3 class=\"wp-block-heading\">Welche Eventger\u00e4te kann ich bei Erlebnis Fun Eventservice mieten?<\/h3>\n\n\n\n<p>Wir bieten H\u00fcpfburgen, Kinderkarussells, Fotoboxen, Spa\u00df-Food-Maschinen und vieles mehr f\u00fcr Ihre Veranstaltung an.<\/p>\n<\/div><\/div>\n<\/div>\n<\/div><\/div>\n<\/div><\/div>\n<\/div>\n\n\n\n<div class=\"wp-block-column ext-animate--on is-layout-flow wp-block-column-is-layout-flow\">\n<div class=\"wp-block-group is-style-ext-preset--group--natural-1--item-card-1--align-start\"><div class=\"wp-block-group__inner-container is-layout-constrained wp-block-group-is-layout-constrained\">\n<div class=\"wp-block-group is-style-default\"><div class=\"wp-block-group__inner-container is-layout-constrained wp-block-group-is-layout-constrained\">\n<div class=\"wp-block-group is-nowrap is-layout-flex wp-container-core-group-is-layout-3c817655 wp-block-group-is-layout-flex\" style=\"padding-top:0;padding-right:0;padding-bottom:0;padding-left:0\">\n<figure class=\"wp-block-image size-large ext-aspect-landscape wp-duotone-varpresetduotoneprimary-foreground-2\"><img decoding=\"async\" src=\"data:image\/svg+xml;base64,PHN2ZyB4bWxucz0iaHR0cDovL3d3dy53My5vcmcvMjAwMC9zdmciIHdpZHRoPSI0OCIgaGVpZ2h0PSI0OCIgZmlsbD0iIzAwMDAwMCIgdmlld0JveD0iMCAwIDI1NiAyNTYiPjxwYXRoIGQ9Ik0xNDAsMTgwYTEyLDEyLDAsMSwxLTEyLTEyQTEyLDEyLDAsMCwxLDE0MCwxODBaTTEyOCw3MmMtMjIuMDYsMC00MCwxNi4xNS00MCwzNnY0YTgsOCwwLDAsMCwxNiwwdi00YzAtMTEsMTAuNzctMjAsMjQtMjBzMjQsOSwyNCwyMC0xMC43NywyMC0yNCwyMGE4LDgsMCwwLDAtOCw4djhhOCw4LDAsMCwwLDE2LDB2LS43MmMxOC4yNC0zLjM1LDMyLTE3LjksMzItMzUuMjhDMTY4LDg4LjE1LDE1MC4wNiw3MiwxMjgsNzJabTEwNCw1NkExMDQsMTA0LDAsMSwxLDEyOCwyNCwxMDQuMTEsMTA0LjExLDAsMCwxLDIzMiwxMjhabS0xNiwwYTg4LDg4LDAsMSwwLTg4LDg4QTg4LjEsODguMSwwLDAsMCwyMTYsMTI4WiI+PC9wYXRoPjwvc3ZnPg==\" alt=\"\" style=\"object-fit:cover\"\/><\/figure>\n\n\n\n<div class=\"wp-block-group wp-container-content-958eb9dc\" style=\"padding-top:0;padding-right:0;padding-bottom:0;padding-left:0\"><div class=\"wp-block-group__inner-container is-layout-constrained wp-container-core-group-is-layout-ce3938d8 wp-block-group-is-layout-constrained\">\n<h3 class=\"wp-block-heading\">Wie l\u00e4uft die Buchung bei Erlebnis Fun Eventservice ab?<\/h3>\n\n\n\n<p>Sie k\u00f6nnen Ihre Wunschger\u00e4te telefonisch oder online reservieren und wir k\u00fcmmern uns um p\u00fcnktliche Lieferung und Abholung.<\/p>\n<\/div><\/div>\n<\/div>\n<\/div><\/div>\n<\/div><\/div>\n<\/div>\n<\/div>\n\n\n\n<div class=\"wp-block-columns alignwide is-layout-flex wp-container-core-columns-is-layout-05cf7c1b wp-block-columns-is-layout-flex\" style=\"margin-top:var(--wp--preset--spacing--40)\">\n<div class=\"wp-block-column ext-animate--on is-layout-flow wp-block-column-is-layout-flow\">\n<div class=\"wp-block-group is-style-ext-preset--group--natural-1--item-card-1--align-start\"><div class=\"wp-block-group__inner-container is-layout-constrained wp-block-group-is-layout-constrained\">\n<div class=\"wp-block-group is-style-default\"><div class=\"wp-block-group__inner-container is-layout-constrained wp-block-group-is-layout-constrained\">\n<div class=\"wp-block-group is-nowrap is-layout-flex wp-container-core-group-is-layout-3c817655 wp-block-group-is-layout-flex\" style=\"padding-top:0;padding-right:0;padding-bottom:0;padding-left:0\">\n<figure class=\"wp-block-image size-large ext-aspect-landscape wp-duotone-varpresetduotoneprimary-foreground-3\"><img decoding=\"async\" src=\"data:image\/svg+xml;base64,PHN2ZyB4bWxucz0iaHR0cDovL3d3dy53My5vcmcvMjAwMC9zdmciIHdpZHRoPSI0OCIgaGVpZ2h0PSI0OCIgZmlsbD0iIzAwMDAwMCIgdmlld0JveD0iMCAwIDI1NiAyNTYiPjxwYXRoIGQ9Ik0xNDAsMTgwYTEyLDEyLDAsMSwxLTEyLTEyQTEyLDEyLDAsMCwxLDE0MCwxODBaTTEyOCw3MmMtMjIuMDYsMC00MCwxNi4xNS00MCwzNnY0YTgsOCwwLDAsMCwxNiwwdi00YzAtMTEsMTAuNzctMjAsMjQtMjBzMjQsOSwyNCwyMC0xMC43NywyMC0yNCwyMGE4LDgsMCwwLDAtOCw4djhhOCw4LDAsMCwwLDE2LDB2LS43MmMxOC4yNC0zLjM1LDMyLTE3LjksMzItMzUuMjhDMTY4LDg4LjE1LDE1MC4wNiw3MiwxMjgsNzJabTEwNCw1NkExMDQsMTA0LDAsMSwxLDEyOCwyNCwxMDQuMTEsMTA0LjExLDAsMCwxLDIzMiwxMjhabS0xNiwwYTg4LDg4LDAsMSwwLTg4LDg4QTg4LjEsODguMSwwLDAsMCwyMTYsMTI4WiI+PC9wYXRoPjwvc3ZnPg==\" alt=\"\" style=\"object-fit:cover\"\/><\/figure>\n\n\n\n<div class=\"wp-block-group wp-container-content-958eb9dc\" style=\"padding-top:0;padding-right:0;padding-bottom:0;padding-left:0\"><div class=\"wp-block-group__inner-container is-layout-constrained wp-container-core-group-is-layout-ce3938d8 wp-block-group-is-layout-constrained\">\n<h3 class=\"wp-block-heading\">Sind die Eventmodule auch f\u00fcr kleine Kinder geeignet?<\/h3>\n\n\n\n<p>Ja, viele unserer Ger\u00e4te sind speziell f\u00fcr Kinder konzipiert und erf\u00fcllen h\u00f6chste Sicherheitsstandards.<\/p>\n<\/div><\/div>\n<\/div>\n<\/div><\/div>\n<\/div><\/div>\n<\/div>\n\n\n\n<div class=\"wp-block-column ext-animate--on is-layout-flow wp-block-column-is-layout-flow\">\n<div class=\"wp-block-group is-style-ext-preset--group--natural-1--item-card-1--align-start\"><div class=\"wp-block-group__inner-container is-layout-constrained wp-block-group-is-layout-constrained\">\n<div class=\"wp-block-group is-style-default\"><div class=\"wp-block-group__inner-container is-layout-constrained wp-block-group-is-layout-constrained\">\n<div class=\"wp-block-group is-nowrap is-layout-flex wp-container-core-group-is-layout-3c817655 wp-block-group-is-layout-flex\" style=\"padding-top:0;padding-right:0;padding-bottom:0;padding-left:0\">\n<figure class=\"wp-block-image size-large ext-aspect-landscape wp-duotone-varpresetduotoneprimary-foreground-4\"><img decoding=\"async\" src=\"data:image\/svg+xml;base64,PHN2ZyB4bWxucz0iaHR0cDovL3d3dy53My5vcmcvMjAwMC9zdmciIHdpZHRoPSI0OCIgaGVpZ2h0PSI0OCIgZmlsbD0iIzAwMDAwMCIgdmlld0JveD0iMCAwIDI1NiAyNTYiPjxwYXRoIGQ9Ik0xNDAsMTgwYTEyLDEyLDAsMSwxLTEyLTEyQTEyLDEyLDAsMCwxLDE0MCwxODBaTTEyOCw3MmMtMjIuMDYsMC00MCwxNi4xNS00MCwzNnY0YTgsOCwwLDAsMCwxNiwwdi00YzAtMTEsMTAuNzctMjAsMjQtMjBzMjQsOSwyNCwyMC0xMC43NywyMC0yNCwyMGE4LDgsMCwwLDAtOCw4djhhOCw4LDAsMCwwLDE2LDB2LS43MmMxOC4yNC0zLjM1LDMyLTE3LjksMzItMzUuMjhDMTY4LDg4LjE1LDE1MC4wNiw3MiwxMjgsNzJabTEwNCw1NkExMDQsMTA0LDAsMSwxLDEyOCwyNCwxMDQuMTEsMTA0LjExLDAsMCwxLDIzMiwxMjhabS0xNiwwYTg4LDg4LDAsMSwwLTg4LDg4QTg4LjEsODguMSwwLDAsMCwyMTYsMTI4WiI+PC9wYXRoPjwvc3ZnPg==\" alt=\"\" style=\"object-fit:cover\"\/><\/figure>\n\n\n\n<div class=\"wp-block-group wp-container-content-958eb9dc\" style=\"padding-top:0;padding-right:0;padding-bottom:0;padding-left:0\"><div class=\"wp-block-group__inner-container is-layout-constrained wp-container-core-group-is-layout-ce3938d8 wp-block-group-is-layout-constrained\">\n<h3 class=\"wp-block-heading\">Wie lange kann ich die Ger\u00e4te mieten?<\/h3>\n\n\n\n<p>Die Mietdauer kann individuell vereinbart werden, meist bieten wir Tages- oder Wochenendmieten an.<\/p>\n<\/div><\/div>\n<\/div>\n<\/div><\/div>\n<\/div><\/div>\n<\/div>\n<\/div>\n\n\n\n<div class=\"wp-block-columns alignwide is-layout-flex wp-container-core-columns-is-layout-05cf7c1b wp-block-columns-is-layout-flex\" style=\"margin-top:var(--wp--preset--spacing--40)\">\n<div class=\"wp-block-column ext-animate--on is-layout-flow wp-block-column-is-layout-flow\">\n<div class=\"wp-block-group is-style-ext-preset--group--natural-1--item-card-1--align-start\"><div class=\"wp-block-group__inner-container is-layout-constrained wp-block-group-is-layout-constrained\">\n<div class=\"wp-block-group is-style-default\"><div class=\"wp-block-group__inner-container is-layout-constrained wp-block-group-is-layout-constrained\">\n<div class=\"wp-block-group is-nowrap is-layout-flex wp-container-core-group-is-layout-3c817655 wp-block-group-is-layout-flex\" style=\"padding-top:0;padding-right:0;padding-bottom:0;padding-left:0\">\n<figure class=\"wp-block-image size-large ext-aspect-landscape wp-duotone-varpresetduotoneprimary-foreground-5\"><img decoding=\"async\" src=\"data:image\/svg+xml;base64,PHN2ZyB4bWxucz0iaHR0cDovL3d3dy53My5vcmcvMjAwMC9zdmciIHdpZHRoPSI0OCIgaGVpZ2h0PSI0OCIgZmlsbD0iIzAwMDAwMCIgdmlld0JveD0iMCAwIDI1NiAyNTYiPjxwYXRoIGQ9Ik0xNDAsMTgwYTEyLDEyLDAsMSwxLTEyLTEyQTEyLDEyLDAsMCwxLDE0MCwxODBaTTEyOCw3MmMtMjIuMDYsMC00MCwxNi4xNS00MCwzNnY0YTgsOCwwLDAsMCwxNiwwdi00YzAtMTEsMTAuNzctMjAsMjQtMjBzMjQsOSwyNCwyMC0xMC43NywyMC0yNCwyMGE4LDgsMCwwLDAtOCw4djhhOCw4LDAsMCwwLDE2LDB2LS43MmMxOC4yNC0zLjM1LDMyLTE3LjksMzItMzUuMjhDMTY4LDg4LjE1LDE1MC4wNiw3MiwxMjgsNzJabTEwNCw1NkExMDQsMTA0LDAsMSwxLDEyOCwyNCwxMDQuMTEsMTA0LjExLDAsMCwxLDIzMiwxMjhabS0xNiwwYTg4LDg4LDAsMSwwLTg4LDg4QTg4LjEsODguMSwwLDAsMCwyMTYsMTI4WiI+PC9wYXRoPjwvc3ZnPg==\" alt=\"\" style=\"object-fit:cover\"\/><\/figure>\n\n\n\n<div class=\"wp-block-group wp-container-content-958eb9dc\" style=\"padding-top:0;padding-right:0;padding-bottom:0;padding-left:0\"><div class=\"wp-block-group__inner-container is-layout-constrained wp-container-core-group-is-layout-ce3938d8 wp-block-group-is-layout-constrained\">\n<h3 class=\"wp-block-heading\">Gibt es eine Mindestbestellmenge oder Mindestmietdauer?<\/h3>\n\n\n\n<p>Nein, Sie k\u00f6nnen auch einzelne Module mieten, die Mindestmietdauer betr\u00e4gt in der Regel einen Tag.<\/p>\n<\/div><\/div>\n<\/div>\n<\/div><\/div>\n<\/div><\/div>\n<\/div>\n\n\n\n<div class=\"wp-block-column ext-animate--on is-layout-flow wp-block-column-is-layout-flow\">\n<div class=\"wp-block-group is-style-ext-preset--group--natural-1--item-card-1--align-start\"><div class=\"wp-block-group__inner-container is-layout-constrained wp-block-group-is-layout-constrained\">\n<div class=\"wp-block-group is-style-default\"><div class=\"wp-block-group__inner-container is-layout-constrained wp-block-group-is-layout-constrained\">\n<div class=\"wp-block-group is-nowrap is-layout-flex wp-container-core-group-is-layout-3c817655 wp-block-group-is-layout-flex\" style=\"padding-top:0;padding-right:0;padding-bottom:0;padding-left:0\">\n<figure class=\"wp-block-image size-large ext-aspect-landscape wp-duotone-varpresetduotoneprimary-foreground-6\"><img decoding=\"async\" src=\"data:image\/svg+xml;base64,PHN2ZyB4bWxucz0iaHR0cDovL3d3dy53My5vcmcvMjAwMC9zdmciIHdpZHRoPSI0OCIgaGVpZ2h0PSI0OCIgZmlsbD0iIzAwMDAwMCIgdmlld0JveD0iMCAwIDI1NiAyNTYiPjxwYXRoIGQ9Ik0xNDAsMTgwYTEyLDEyLDAsMSwxLTEyLTEyQTEyLDEyLDAsMCwxLDE0MCwxODBaTTEyOCw3MmMtMjIuMDYsMC00MCwxNi4xNS00MCwzNnY0YTgsOCwwLDAsMCwxNiwwdi00YzAtMTEsMTAuNzctMjAsMjQtMjBzMjQsOSwyNCwyMC0xMC43NywyMC0yNCwyMGE4LDgsMCwwLDAtOCw4djhhOCw4LDAsMCwwLDE2LDB2LS43MmMxOC4yNC0zLjM1LDMyLTE3LjksMzItMzUuMjhDMTY4LDg4LjE1LDE1MC4wNiw3MiwxMjgsNzJabTEwNCw1NkExMDQsMTA0LDAsMSwxLDEyOCwyNCwxMDQuMTEsMTA0LjExLDAsMCwxLDIzMiwxMjhabS0xNiwwYTg4LDg4LDAsMSwwLTg4LDg4QTg4LjEsODguMSwwLDAsMCwyMTYsMTI4WiI+PC9wYXRoPjwvc3ZnPg==\" alt=\"\" style=\"object-fit:cover\"\/><\/figure>\n\n\n\n<div class=\"wp-block-group wp-container-content-958eb9dc\" style=\"padding-top:0;padding-right:0;padding-bottom:0;padding-left:0\"><div class=\"wp-block-group__inner-container is-layout-constrained wp-container-core-group-is-layout-ce3938d8 wp-block-group-is-layout-constrained\">\n<h3 class=\"wp-block-heading\">Welche Zahlungsmethoden werden akzeptiert?<\/h3>\n\n\n\n<p>Wir akzeptieren Barzahlung bei Lieferung, \u00dcberweisung und g\u00e4ngige Kreditkarten f\u00fcr Ihre Bequemlichkeit.<\/p>\n<\/div><\/div>\n<\/div>\n<\/div><\/div>\n<\/div><\/div>\n<\/div>\n<\/div>\n<\/div><\/div>\n\n<div class=\"wp-block-group alignfull is-style-ext-preset--group--natural-1--section has-tertiary-background-color has-background\" id=\"services\" style=\"margin-top:0;margin-bottom:0;padding-top:var(--wp--preset--spacing--70);padding-bottom:var(--wp--preset--spacing--70)\"><div class=\"wp-block-group__inner-container is-layout-constrained wp-block-group-is-layout-constrained\">\n<div class=\"wp-block-group alignwide ext-is-logical-start is-content-justification-left\"><div class=\"wp-block-group__inner-container is-layout-constrained wp-container-core-group-is-layout-1916714e wp-block-group-is-layout-constrained\">\n<h2 class=\"wp-block-heading ext-animate--on\">Kinderkarussells und Fotoboxen f\u00fcr Ihr Event<\/h2>\n\n\n\n<p class=\"has-text-align-left ext-animate--on\">Entdecken Sie unsere vielf\u00e4ltigen Eventmodule, die Qualit\u00e4t und Begeisterung f\u00fcr jedes Fest garantieren.<\/p>\n<\/div><\/div>\n\n\n\n<div class=\"wp-block-columns alignwide is-layout-flex wp-container-core-columns-is-layout-bd0aba32 wp-block-columns-is-layout-flex\">\n<div class=\"wp-block-column is-vertically-aligned-stretch ext-animate--on is-layout-flow wp-block-column-is-layout-flow\">\n<div class=\"wp-block-group is-style-ext-preset--group--natural-1--item-card-1--align-start\"><div class=\"wp-block-group__inner-container is-layout-constrained wp-block-group-is-layout-constrained\">\n<div class=\"wp-block-group is-style-default\"><div class=\"wp-block-group__inner-container is-layout-constrained wp-block-group-is-layout-constrained\">\n<figure class=\"wp-block-image size-large ext-aspect-landscape wp-duotone-varpresetduotoneprimary-foreground-7\"><img decoding=\"async\" src=\"data:image\/svg+xml;base64,PHN2ZyB4bWxucz0iaHR0cDovL3d3dy53My5vcmcvMjAwMC9zdmciIHdpZHRoPSI0OCIgaGVpZ2h0PSI0OCIgZmlsbD0iIzAwMDAwMCIgdmlld0JveD0iMCAwIDI1NiAyNTYiPjxwYXRoIGQ9Ik0xNzIsNzZhNDQsNDQsMCwxLDAtNDQsNDRBNDQuMDUsNDQuMDUsMCwwLDAsMTcyLDc2Wm0tNDQsMjhhMjgsMjgsMCwxLDEsMjgtMjhBMjgsMjgsMCwwLDEsMTI4LDEwNFptNjAsMjRhNDQsNDQsMCwxLDAsNDQsNDRBNDQuMDUsNDQuMDUsMCwwLDAsMTg4LDEyOFptMCw3MmEyOCwyOCwwLDEsMSwyOC0yOEEyOCwyOCwwLDAsMSwxODgsMjAwWk02OCwxMjhhNDQsNDQsMCwxLDAsNDQsNDRBNDQuMDUsNDQuMDUsMCwwLDAsNjgsMTI4Wm0wLDcyYTI4LDI4LDAsMSwxLDI4LTI4QTI4LDI4LDAsMCwxLDY4LDIwMFoiPjwvcGF0aD48L3N2Zz4=\" alt=\"\" style=\"object-fit:cover\"\/><\/figure>\n\n\n\n<h3 class=\"wp-block-heading\">H\u00fcpfburgen Verleih<\/h3>\n\n\n\n<p>Unsere H\u00fcpfburgen sorgen f\u00fcr Spa\u00df und Sicherheit bei jedem Anlass und begeistern Gro\u00df und Klein.<\/p>\n<\/div><\/div>\n<\/div><\/div>\n<\/div>\n\n\n\n<div class=\"wp-block-column is-vertically-aligned-stretch ext-animate--on is-layout-flow wp-block-column-is-layout-flow\">\n<div class=\"wp-block-group is-style-ext-preset--group--natural-1--item-card-1--align-start\"><div class=\"wp-block-group__inner-container is-layout-constrained wp-block-group-is-layout-constrained\">\n<div class=\"wp-block-group is-style-default\"><div class=\"wp-block-group__inner-container is-layout-constrained wp-block-group-is-layout-constrained\">\n<figure class=\"wp-block-image size-large ext-aspect-landscape wp-duotone-varpresetduotoneprimary-foreground-8\"><img decoding=\"async\" src=\"data:image\/svg+xml;base64,PHN2ZyB4bWxucz0iaHR0cDovL3d3dy53My5vcmcvMjAwMC9zdmciIHdpZHRoPSI0OCIgaGVpZ2h0PSI0OCIgZmlsbD0iIzAwMDAwMCIgdmlld0JveD0iMCAwIDI1NiAyNTYiPjxwYXRoIGQ9Ik04MCw0MGE0MCw0MCwwLDEsMCw0MCw0MEE0MCw0MCwwLDAsMCw4MCw0MFptMCw2NGEyNCwyNCwwLDEsMSwyNC0yNEEyNCwyNCwwLDAsMSw4MCwxMDRabTk2LDE2YTQwLDQwLDAsMSwwLTQwLTQwQTQwLDQwLDAsMCwwLDE3NiwxMjBabTAtNjRhMjQsMjQsMCwxLDEtMjQsMjRBMjQsMjQsMCwwLDEsMTc2LDU2Wk04MCwxMzZhNDAsNDAsMCwxLDAsNDAsNDBBNDAsNDAsMCwwLDAsODAsMTM2Wm0wLDY0YTI0LDI0LDAsMSwxLDI0LTI0QTI0LDI0LDAsMCwxLDgwLDIwMFptOTYtNjRhNDAsNDAsMCwxLDAsNDAsNDBBNDAsNDAsMCwwLDAsMTc2LDEzNlptMCw2NGEyNCwyNCwwLDEsMSwyNC0yNEEyNCwyNCwwLDAsMSwxNzYsMjAwWiI+PC9wYXRoPjwvc3ZnPg==\" alt=\"\" style=\"object-fit:cover\"\/><\/figure>\n\n\n\n<h3 class=\"wp-block-heading\">Fotobox Vermietung<\/h3>\n\n\n\n<p>Unsere Fotoboxen bieten Ihnen unvergessliche Erinnerungen mit einfacher Handhabung und hoher Qualit\u00e4t.<\/p>\n<\/div><\/div>\n<\/div><\/div>\n<\/div>\n\n\n\n<div class=\"wp-block-column is-vertically-aligned-stretch ext-animate--on is-layout-flow wp-block-column-is-layout-flow\">\n<div class=\"wp-block-group is-style-ext-preset--group--natural-1--item-card-1--align-start\"><div class=\"wp-block-group__inner-container is-layout-constrained wp-block-group-is-layout-constrained\">\n<div class=\"wp-block-group is-style-default\"><div class=\"wp-block-group__inner-container is-layout-constrained wp-block-group-is-layout-constrained\">\n<figure class=\"wp-block-image size-large ext-aspect-landscape wp-duotone-varpresetduotoneprimary-foreground-9\"><img decoding=\"async\" src=\"data:image\/svg+xml;base64,PHN2ZyB4bWxucz0iaHR0cDovL3d3dy53My5vcmcvMjAwMC9zdmciIHdpZHRoPSI0OCIgaGVpZ2h0PSI0OCIgZmlsbD0iIzAwMDAwMCIgdmlld0JveD0iMCAwIDI1NiAyNTYiPjxwYXRoIGQ9Ik04MCw0MGE0MCw0MCwwLDEsMCw0MCw0MEE0MCw0MCwwLDAsMCw4MCw0MFptMCw2NGEyNCwyNCwwLDEsMSwyNC0yNEEyNCwyNCwwLDAsMSw4MCwxMDRabTk2LDE2YTQwLDQwLDAsMSwwLTQwLTQwQTQwLDQwLDAsMCwwLDE3NiwxMjBabTAtNjRhMjQsMjQsMCwxLDEtMjQsMjRBMjQsMjQsMCwwLDEsMTc2LDU2Wk04MCwxMzZhNDAsNDAsMCwxLDAsNDAsNDBBNDAsNDAsMCwwLDAsODAsMTM2Wm0wLDY0YTI0LDI0LDAsMSwxLDI0LTI0QTI0LDI0LDAsMCwxLDgwLDIwMFptMTM2LTI0YTgsOCwwLDAsMS04LDhIMTg0djI0YTgsOCwwLDAsMS0xNiwwVjE4NEgxNDRhOCw4LDAsMCwxLDAtMTZoMjRWMTQ0YTgsOCwwLDAsMSwxNiwwdjI0aDI0QTgsOCwwLDAsMSwyMTYsMTc2WiI+PC9wYXRoPjwvc3ZnPg==\" alt=\"\" style=\"object-fit:cover\"\/><\/figure>\n\n\n\n<h3 class=\"wp-block-heading\">Leckereien Maschinen<\/h3>\n\n\n\n<p>Unsere S\u00fc\u00dfigkeiten- und Popcornmaschinen sind perfekt f\u00fcr ein unterhaltsames und schmackhaftes Event.<\/p>\n<\/div><\/div>\n<\/div><\/div>\n<\/div>\n<\/div>\n<\/div><\/div>\n\n<div class=\"wp-block-group alignfull is-style-ext-preset--group--natural-1--section has-background-background-color has-background\" style=\"margin-top:0;margin-bottom:0;padding-top:var(--wp--preset--spacing--70);padding-bottom:var(--wp--preset--spacing--70)\"><div class=\"wp-block-group__inner-container is-layout-constrained wp-block-group-is-layout-constrained\">\n<h2 class=\"wp-block-heading has-text-align-center ext-animate--on\">Wie unser Service funktioniert<\/h2>\n\n\n\n<p class=\"has-text-align-center ext-animate--on\" style=\"margin-top:1.5rem\">Erfahren Sie in einfachen Schritten, wie Sie bei Erlebnis Fun Eventservice &amp; Verleih Ihre gew\u00fcnschte Veranstaltungsausstattung mieten und optimal nutzen k\u00f6nnen.<\/p>\n\n\n\n<div class=\"wp-block-columns alignwide is-layout-flex wp-container-core-columns-is-layout-bd0aba32 wp-block-columns-is-layout-flex\">\n<div class=\"wp-block-column is-vertically-aligned-stretch ext-animate--on is-layout-flow wp-block-column-is-layout-flow\">\n<div class=\"wp-block-group is-style-ext-preset--group--natural-1--item-card-1--align-center\"><div class=\"wp-block-group__inner-container is-layout-constrained wp-block-group-is-layout-constrained\">\n<div class=\"wp-block-group is-style-default\"><div class=\"wp-block-group__inner-container is-layout-constrained wp-block-group-is-layout-constrained\"><div class=\"wp-block-image ext-aspect-landscape wp-duotone-varpresetduotoneprimary-foreground-10\">\n<figure class=\"aligncenter size-large\"><img decoding=\"async\" src=\"data:image\/svg+xml;base64,PHN2ZyB4bWxucz0iaHR0cDovL3d3dy53My5vcmcvMjAwMC9zdmciIHdpZHRoPSI0OCIgaGVpZ2h0PSI0OCIgZmlsbD0iIzAwMDAwMCIgdmlld0JveD0iMCAwIDI1NiAyNTYiPjxwYXRoIGQ9Ik0xMjgsMjRBMTA0LDEwNCwwLDEsMCwyMzIsMTI4LDEwNC4xMSwxMDQuMTEsMCwwLDAsMTI4LDI0Wm0wLDE5MmE4OCw4OCwwLDEsMSw4OC04OEE4OC4xLDg4LjEsMCwwLDEsMTI4LDIxNlpNMTQwLDgwdjk2YTgsOCwwLDAsMS0xNiwwVjk1bC0xMS41Niw3LjcxYTgsOCwwLDEsMS04Ljg4LTEzLjMybDI0LTE2QTgsOCwwLDAsMSwxNDAsODBaIj48L3BhdGg+PC9zdmc+\" alt=\"\" style=\"object-fit:cover\"\/><\/figure>\n<\/div>\n\n\n<h3 class=\"wp-block-heading has-text-align-center\">Schritt Eins: Anfrage stellen<\/h3>\n\n\n\n<p class=\"has-text-align-center\">Senden Sie uns eine unverbindliche Anfrage mit Ihren Wunschterminen und Equipment-Vorstellungen, damit wir Ihren Event professionell vorbereiten k\u00f6nnen.<\/p>\n<\/div><\/div>\n<\/div><\/div>\n<\/div>\n\n\n\n<div class=\"wp-block-column is-vertically-aligned-stretch ext-animate--on is-layout-flow wp-block-column-is-layout-flow\">\n<div class=\"wp-block-group is-style-ext-preset--group--natural-1--item-card-1--align-center\"><div class=\"wp-block-group__inner-container is-layout-constrained wp-block-group-is-layout-constrained\">\n<div class=\"wp-block-group is-style-default\"><div class=\"wp-block-group__inner-container is-layout-constrained wp-block-group-is-layout-constrained\"><div class=\"wp-block-image ext-aspect-landscape wp-duotone-varpresetduotoneprimary-foreground-11\">\n<figure class=\"aligncenter size-large\"><img decoding=\"async\" src=\"data:image\/svg+xml;base64,PHN2ZyB4bWxucz0iaHR0cDovL3d3dy53My5vcmcvMjAwMC9zdmciIHdpZHRoPSI0OCIgaGVpZ2h0PSI0OCIgZmlsbD0iIzAwMDAwMCIgdmlld0JveD0iMCAwIDI1NiAyNTYiPjxwYXRoIGQ9Ik0xMjgsMjRBMTA0LDEwNCwwLDEsMCwyMzIsMTI4LDEwNC4xMSwxMDQuMTEsMCwwLDAsMTI4LDI0Wm0wLDE5MmE4OCw4OCwwLDEsMSw4OC04OEE4OC4xLDg4LjEsMCwwLDEsMTI4LDIxNlptMjUuNTYtOTIuNzRMMTIwLDE2OGgzMmE4LDgsMCwwLDEsMCwxNkgxMDRhOCw4LDAsMCwxLTYuNC0xMi44bDQzLjE3LTU3LjU2YTE2LDE2LDAsMSwwLTI3Ljg2LTE1LDgsOCwwLDAsMS0xNS4wOS01LjM0LDMyLDMyLDAsMSwxLDU1Ljc0LDI5LjkzWiI+PC9wYXRoPjwvc3ZnPg==\" alt=\"\" style=\"object-fit:cover\"\/><\/figure>\n<\/div>\n\n\n<h3 class=\"wp-block-heading has-text-align-center\">Schritt Zwei: Best\u00e4tigung und Vorbereitung<\/h3>\n\n\n\n<p class=\"has-text-align-center\">Nach Best\u00e4tigung Ihrer Bestellung bereiten wir das Equipment vor und organisieren die termingerechte Lieferung oder Abholung f\u00fcr Ihre Veranstaltung.<\/p>\n<\/div><\/div>\n<\/div><\/div>\n<\/div>\n\n\n\n<div class=\"wp-block-column is-vertically-aligned-stretch ext-animate--on is-layout-flow wp-block-column-is-layout-flow\">\n<div class=\"wp-block-group is-style-ext-preset--group--natural-1--item-card-1--align-center\"><div class=\"wp-block-group__inner-container is-layout-constrained wp-block-group-is-layout-constrained\">\n<div class=\"wp-block-group is-style-default\"><div class=\"wp-block-group__inner-container is-layout-constrained wp-block-group-is-layout-constrained\"><div class=\"wp-block-image ext-aspect-landscape wp-duotone-varpresetduotoneprimary-foreground-12\">\n<figure class=\"aligncenter size-large\"><img decoding=\"async\" src=\"data:image\/svg+xml;base64,PHN2ZyB4bWxucz0iaHR0cDovL3d3dy53My5vcmcvMjAwMC9zdmciIHdpZHRoPSI0OCIgaGVpZ2h0PSI0OCIgZmlsbD0iIzAwMDAwMCIgdmlld0JveD0iMCAwIDI1NiAyNTYiPjxwYXRoIGQ9Ik0xMjgsMjRBMTA0LDEwNCwwLDEsMCwyMzIsMTI4LDEwNC4xMSwxMDQuMTEsMCwwLDAsMTI4LDI0Wm0wLDE5MmE4OCw4OCwwLDEsMSw4OC04OEE4OC4xLDg4LjEsMCwwLDEsMTI4LDIxNlptMzItNjRhMzYsMzYsMCwwLDEtNjEuNzEsMjUuMTlBOCw4LDAsMSwxLDEwOS43MSwxNjYsMjAsMjAsMCwxLDAsMTI0LDEzMmE4LDgsMCwwLDEtNi41NS0xMi41OUwxMzYuNjMsOTJIMTA0YTgsOCwwLDAsMSwwLTE2aDQ4YTgsOCwwLDAsMSw2LjU1LDEyLjU5bC0yMSwzMEEzNi4wNywzNi4wNywwLDAsMSwxNjAsMTUyWiI+PC9wYXRoPjwvc3ZnPg==\" alt=\"\" style=\"object-fit:cover\"\/><\/figure>\n<\/div>\n\n\n<h3 class=\"wp-block-heading has-text-align-center\">Schritt Drei: Durchf\u00fchrung und Betreuung<\/h3>\n\n\n\n<p class=\"has-text-align-center\">W\u00e4hrend Ihres Events sorgen wir f\u00fcr einen reibungslosen Ablauf und stehen bei Fragen oder Problemen jederzeit unterst\u00fctzend zur Verf\u00fcgung.<\/p>\n<\/div><\/div>\n<\/div><\/div>\n<\/div>\n<\/div>\n<\/div><\/div>","protected":false},"excerpt":{"rendered":"<p>H\u00fcpfburgen und Eventmodule f\u00fcr unvergessliche Feiern mieten Hier finden Sie Antworten auf h\u00e4ufige Fragen, damit Sie schnell alle wichtigen Infos zum Erlebnis Fun Eventservice &amp; Verleih erhalten. Welche Eventger\u00e4te kann ich bei Erlebnis Fun Eventservice mieten? Wir bieten H\u00fcpfburgen, Kinderkarussells, Fotoboxen, Spa\u00df-Food-Maschinen und vieles mehr f\u00fcr Ihre Veranstaltung an. Wie l\u00e4uft die Buchung bei Erlebnis [&hellip;]<\/p>\n","protected":false},"author":1,"featured_media":0,"parent":0,"menu_order":6,"comment_status":"closed","ping_status":"closed","template":"","meta":{"footnotes":""},"class_list":["post-26","page","type-page","status-publish","hentry"],"_links":{"self":[{"href":"https:\/\/karussellverleih-bremen.de\/da\/wp-json\/wp\/v2\/pages\/26","targetHints":{"allow":["GET"]}}],"collection":[{"href":"https:\/\/karussellverleih-bremen.de\/da\/wp-json\/wp\/v2\/pages"}],"about":[{"href":"https:\/\/karussellverleih-bremen.de\/da\/wp-json\/wp\/v2\/types\/page"}],"author":[{"embeddable":true,"href":"https:\/\/karussellverleih-bremen.de\/da\/wp-json\/wp\/v2\/users\/1"}],"replies":[{"embeddable":true,"href":"https:\/\/karussellverleih-bremen.de\/da\/wp-json\/wp\/v2\/comments?post=26"}],"version-history":[{"count":1,"href":"https:\/\/karussellverleih-bremen.de\/da\/wp-json\/wp\/v2\/pages\/26\/revisions"}],"predecessor-version":[{"id":103,"href":"https:\/\/karussellverleih-bremen.de\/da\/wp-json\/wp\/v2\/pages\/26\/revisions\/103"}],"wp:attachment":[{"href":"https:\/\/karussellverleih-bremen.de\/da\/wp-json\/wp\/v2\/media?parent=26"}],"curies":[{"name":"wp","href":"https:\/\/api.w.org\/{rel}","templated":true}]}}